{"id":5166,"date":"2024-09-09T15:24:32","date_gmt":"2024-09-09T19:24:32","guid":{"rendered":"https:\/\/stingray.com\/?page_id=5166"},"modified":"2024-09-20T16:20:18","modified_gmt":"2024-09-20T20:20:18","slug":"evenements","status":"publish","type":"page","link":"https:\/\/www.stingray.com\/fr\/evenements\/","title":{"rendered":"\u00c9v\u00e9nements \u00e0 venir"},"content":{"rendered":"","protected":false},"excerpt":{"rendered":"","protected":false},"author":3,"featured_media":0,"parent":0,"menu_order":0,"comment_status":"closed","ping_status":"closed","template":"","meta":{"_acf_changed":false,"footnotes":""},"class_list":["post-5166","page","type-page","status-publish","hentry"],"acf":[],"yoast_head":"<!-- This site is optimized with the Yoast SEO Premium plugin v25.0 (Yoast SEO v27.3) - https:\/\/yoast.com\/product\/yoast-seo-premium-wordpress\/ -->\n<title>\u00c9v\u00e9nements \u00e0 venir - Stingray<\/title>\n<meta name=\"description\" content=\"Notre \u00e9quipe est impatiente d&#039;\u00e9changer avec vous, d&#039;explorer de nouvelles opportunit\u00e9s et de vous en dire plus sur nos produits et services.\" \/>\n<meta name=\"robots\" content=\"noindex, nofollow\" \/>\n<meta property=\"og:locale\" content=\"fr_CA\" \/>\n<meta property=\"og:type\" content=\"article\" \/>\n<meta property=\"og:title\" content=\"\u00c9v\u00e9nements \u00e0 venir - Rencontrez nos \u00e9quipes - Stingray\" \/>\n<meta property=\"og:description\" content=\"Notre \u00e9quipe est impatiente d&#039;\u00e9changer avec vous, d&#039;explorer de nouvelles opportunit\u00e9s et de vous en dire plus sur nos produits et services.\" \/>\n<meta property=\"og:url\" content=\"https:\/\/www.stingray.com\/fr\/evenements\/\" \/>\n<meta property=\"og:site_name\" content=\"Stingray\" \/>\n<meta property=\"article:modified_time\" content=\"2024-09-20T20:20:18+00:00\" \/>\n<meta property=\"og:image\" content=\"https:\/\/www.stingray.com\/wp-content\/uploads\/2024\/08\/general-meta.jpg\" \/>\n\t<meta property=\"og:image:width\" content=\"1200\" \/>\n\t<meta property=\"og:image:height\" content=\"628\" \/>\n\t<meta property=\"og:image:type\" content=\"image\/jpeg\" \/>\n<meta name=\"twitter:card\" content=\"summary_large_image\" \/>\n<meta name=\"twitter:title\" content=\"\u00c9v\u00e9nements \u00e0 venir\" \/>\n<script type=\"application\/ld+json\" class=\"yoast-schema-graph\">{\"@context\":\"https:\\\/\\\/schema.org\",\"@graph\":[{\"@type\":\"WebPage\",\"@id\":\"https:\\\/\\\/www.stingray.com\\\/fr\\\/evenements\\\/\",\"url\":\"https:\\\/\\\/www.stingray.com\\\/fr\\\/evenements\\\/\",\"name\":\"\u00c9v\u00e9nements \u00e0 venir - Stingray\",\"isPartOf\":{\"@id\":\"https:\\\/\\\/www.stingray.com\\\/fr\\\/#website\"},\"datePublished\":\"2024-09-09T19:24:32+00:00\",\"dateModified\":\"2024-09-20T20:20:18+00:00\",\"description\":\"Notre \u00e9quipe est impatiente d'\u00e9changer avec vous, d'explorer de nouvelles opportunit\u00e9s et de vous en dire plus sur nos produits et services.\",\"breadcrumb\":{\"@id\":\"https:\\\/\\\/www.stingray.com\\\/fr\\\/evenements\\\/#breadcrumb\"},\"inLanguage\":\"fr-CA\",\"potentialAction\":[{\"@type\":\"ReadAction\",\"target\":[\"https:\\\/\\\/www.stingray.com\\\/fr\\\/evenements\\\/\"]}]},{\"@type\":\"BreadcrumbList\",\"@id\":\"https:\\\/\\\/www.stingray.com\\\/fr\\\/evenements\\\/#breadcrumb\",\"itemListElement\":[{\"@type\":\"ListItem\",\"position\":1,\"name\":\"Home\",\"item\":\"https:\\\/\\\/www.stingray.com\\\/fr\\\/\"},{\"@type\":\"ListItem\",\"position\":2,\"name\":\"\u00c9v\u00e9nements \u00e0 venir\"}]},{\"@type\":\"WebSite\",\"@id\":\"https:\\\/\\\/www.stingray.com\\\/fr\\\/#website\",\"url\":\"https:\\\/\\\/www.stingray.com\\\/fr\\\/\",\"name\":\"Stingray\",\"description\":\"We\u2019re not just in the game, we\u2019re changing it.\",\"potentialAction\":[{\"@type\":\"SearchAction\",\"target\":{\"@type\":\"EntryPoint\",\"urlTemplate\":\"https:\\\/\\\/www.stingray.com\\\/fr\\\/?s={search_term_string}\"},\"query-input\":{\"@type\":\"PropertyValueSpecification\",\"valueRequired\":true,\"valueName\":\"search_term_string\"}}],\"inLanguage\":\"fr-CA\"}]}<\/script>\n<!-- \/ Yoast SEO Premium plugin. -->","yoast_head_json":{"title":"\u00c9v\u00e9nements \u00e0 venir - Stingray","description":"Notre \u00e9quipe est impatiente d'\u00e9changer avec vous, d'explorer de nouvelles opportunit\u00e9s et de vous en dire plus sur nos produits et services.","robots":{"index":"noindex","follow":"nofollow"},"og_locale":"fr_CA","og_type":"article","og_title":"\u00c9v\u00e9nements \u00e0 venir - Rencontrez nos \u00e9quipes - Stingray","og_description":"Notre \u00e9quipe est impatiente d'\u00e9changer avec vous, d'explorer de nouvelles opportunit\u00e9s et de vous en dire plus sur nos produits et services.","og_url":"https:\/\/www.stingray.com\/fr\/evenements\/","og_site_name":"Stingray","article_modified_time":"2024-09-20T20:20:18+00:00","og_image":[{"width":1200,"height":628,"url":"https:\/\/www.stingray.com\/wp-content\/uploads\/2024\/08\/general-meta.jpg","type":"image\/jpeg"}],"twitter_card":"summary_large_image","twitter_title":"\u00c9v\u00e9nements \u00e0 venir","schema":{"@context":"https:\/\/schema.org","@graph":[{"@type":"WebPage","@id":"https:\/\/www.stingray.com\/fr\/evenements\/","url":"https:\/\/www.stingray.com\/fr\/evenements\/","name":"\u00c9v\u00e9nements \u00e0 venir - Stingray","isPartOf":{"@id":"https:\/\/www.stingray.com\/fr\/#website"},"datePublished":"2024-09-09T19:24:32+00:00","dateModified":"2024-09-20T20:20:18+00:00","description":"Notre \u00e9quipe est impatiente d'\u00e9changer avec vous, d'explorer de nouvelles opportunit\u00e9s et de vous en dire plus sur nos produits et services.","breadcrumb":{"@id":"https:\/\/www.stingray.com\/fr\/evenements\/#breadcrumb"},"inLanguage":"fr-CA","potentialAction":[{"@type":"ReadAction","target":["https:\/\/www.stingray.com\/fr\/evenements\/"]}]},{"@type":"BreadcrumbList","@id":"https:\/\/www.stingray.com\/fr\/evenements\/#breadcrumb","itemListElement":[{"@type":"ListItem","position":1,"name":"Home","item":"https:\/\/www.stingray.com\/fr\/"},{"@type":"ListItem","position":2,"name":"\u00c9v\u00e9nements \u00e0 venir"}]},{"@type":"WebSite","@id":"https:\/\/www.stingray.com\/fr\/#website","url":"https:\/\/www.stingray.com\/fr\/","name":"Stingray","description":"We\u2019re not just in the game, we\u2019re changing it.","potentialAction":[{"@type":"SearchAction","target":{"@type":"EntryPoint","urlTemplate":"https:\/\/www.stingray.com\/fr\/?s={search_term_string}"},"query-input":{"@type":"PropertyValueSpecification","valueRequired":true,"valueName":"search_term_string"}}],"inLanguage":"fr-CA"}]}},"_links":{"self":[{"href":"https:\/\/www.stingray.com\/fr\/wp-json\/wp\/v2\/pages\/5166","targetHints":{"allow":["GET"]}}],"collection":[{"href":"https:\/\/www.stingray.com\/fr\/wp-json\/wp\/v2\/pages"}],"about":[{"href":"https:\/\/www.stingray.com\/fr\/wp-json\/wp\/v2\/types\/page"}],"author":[{"embeddable":true,"href":"https:\/\/www.stingray.com\/fr\/wp-json\/wp\/v2\/users\/3"}],"replies":[{"embeddable":true,"href":"https:\/\/www.stingray.com\/fr\/wp-json\/wp\/v2\/comments?post=5166"}],"version-history":[{"count":3,"href":"https:\/\/www.stingray.com\/fr\/wp-json\/wp\/v2\/pages\/5166\/revisions"}],"predecessor-version":[{"id":5169,"href":"https:\/\/www.stingray.com\/fr\/wp-json\/wp\/v2\/pages\/5166\/revisions\/5169"}],"wp:attachment":[{"href":"https:\/\/www.stingray.com\/fr\/wp-json\/wp\/v2\/media?parent=5166"}],"curies":[{"name":"wp","href":"https:\/\/api.w.org\/{rel}","templated":true}]}}