{"id":3835,"date":"2024-04-30T09:51:31","date_gmt":"2024-04-30T13:51:31","guid":{"rendered":"https:\/\/stingray.com\/accessibility-plan-feedback-process\/"},"modified":"2025-05-29T13:23:26","modified_gmt":"2025-05-29T17:23:26","slug":"processus-retroaction-accessibilite","status":"publish","type":"page","link":"https:\/\/www.stingray.com\/fr\/processus-retroaction-accessibilite\/","title":{"rendered":"Processus de r\u00e9troaction sur l\u2019accessibilit\u00e9"},"content":{"rendered":"","protected":false},"excerpt":{"rendered":"","protected":false},"author":3,"featured_media":0,"parent":0,"menu_order":0,"comment_status":"closed","ping_status":"closed","template":"","meta":{"_acf_changed":false,"footnotes":""},"class_list":["post-3835","page","type-page","status-publish","hentry"],"acf":[],"yoast_head":"<!-- This site is optimized with the Yoast SEO Premium plugin v25.0 (Yoast SEO v27.3) - https:\/\/yoast.com\/product\/yoast-seo-premium-wordpress\/ -->\n<title>Processus de r\u00e9troaction sur l\u2019accessibilit\u00e9 - Stingray<\/title>\n<meta name=\"description\" content=\"Stingray Group inc. s\u2019engage \u00e0 fournir des installations et des services de qualit\u00e9 \u00e0 ses employ\u00e9s et \u00e0 ses clients d\u2019une mani\u00e8re accessible aux personnes en situation de handicap et dans le respect de la dignit\u00e9 et de l\u2019ind\u00e9pendance de ces personnes.\" \/>\n<meta name=\"robots\" content=\"index, follow, max-snippet:-1, max-image-preview:large, max-video-preview:-1\" \/>\n<link rel=\"canonical\" href=\"https:\/\/www.stingray.com\/fr\/processus-retroaction-accessibilite\/\" \/>\n<meta property=\"og:locale\" content=\"fr_CA\" \/>\n<meta property=\"og:type\" content=\"article\" \/>\n<meta property=\"og:title\" content=\"Processus de r\u00e9troaction sur l\u2019accessibilit\u00e9\" \/>\n<meta property=\"og:description\" content=\"Stingray Group inc. s\u2019engage \u00e0 fournir des installations et des services de qualit\u00e9 \u00e0 ses employ\u00e9s et \u00e0 ses clients d\u2019une mani\u00e8re accessible aux personnes en situation de handicap et dans le respect de la dignit\u00e9 et de l\u2019ind\u00e9pendance de ces personnes.\" \/>\n<meta property=\"og:url\" content=\"https:\/\/www.stingray.com\/fr\/processus-retroaction-accessibilite\/\" \/>\n<meta property=\"og:site_name\" content=\"Stingray\" \/>\n<meta property=\"article:modified_time\" content=\"2025-05-29T17:23:26+00:00\" \/>\n<meta property=\"og:image\" content=\"https:\/\/www.stingray.com\/wp-content\/uploads\/2024\/08\/general-meta.jpg\" \/>\n\t<meta property=\"og:image:width\" content=\"1200\" \/>\n\t<meta property=\"og:image:height\" content=\"628\" \/>\n\t<meta property=\"og:image:type\" content=\"image\/jpeg\" \/>\n<meta name=\"twitter:card\" content=\"summary_large_image\" \/>\n<script type=\"application\/ld+json\" class=\"yoast-schema-graph\">{\"@context\":\"https:\\\/\\\/schema.org\",\"@graph\":[{\"@type\":\"WebPage\",\"@id\":\"https:\\\/\\\/www.stingray.com\\\/fr\\\/processus-retroaction-accessibilite\\\/\",\"url\":\"https:\\\/\\\/www.stingray.com\\\/fr\\\/processus-retroaction-accessibilite\\\/\",\"name\":\"Processus de r\u00e9troaction sur l\u2019accessibilit\u00e9 - Stingray\",\"isPartOf\":{\"@id\":\"https:\\\/\\\/www.stingray.com\\\/fr\\\/#website\"},\"datePublished\":\"2024-04-30T13:51:31+00:00\",\"dateModified\":\"2025-05-29T17:23:26+00:00\",\"description\":\"Stingray Group inc. s\u2019engage \u00e0 fournir des installations et des services de qualit\u00e9 \u00e0 ses employ\u00e9s et \u00e0 ses clients d\u2019une mani\u00e8re accessible aux personnes en situation de handicap et dans le respect de la dignit\u00e9 et de l\u2019ind\u00e9pendance de ces personnes.\",\"breadcrumb\":{\"@id\":\"https:\\\/\\\/www.stingray.com\\\/fr\\\/processus-retroaction-accessibilite\\\/#breadcrumb\"},\"inLanguage\":\"fr-CA\",\"potentialAction\":[{\"@type\":\"ReadAction\",\"target\":[\"https:\\\/\\\/www.stingray.com\\\/fr\\\/processus-retroaction-accessibilite\\\/\"]}]},{\"@type\":\"BreadcrumbList\",\"@id\":\"https:\\\/\\\/www.stingray.com\\\/fr\\\/processus-retroaction-accessibilite\\\/#breadcrumb\",\"itemListElement\":[{\"@type\":\"ListItem\",\"position\":1,\"name\":\"Home\",\"item\":\"https:\\\/\\\/www.stingray.com\\\/fr\\\/\"},{\"@type\":\"ListItem\",\"position\":2,\"name\":\"Processus de r\u00e9troaction sur l\u2019accessibilit\u00e9\"}]},{\"@type\":\"WebSite\",\"@id\":\"https:\\\/\\\/www.stingray.com\\\/fr\\\/#website\",\"url\":\"https:\\\/\\\/www.stingray.com\\\/fr\\\/\",\"name\":\"Stingray\",\"description\":\"We\u2019re not just in the game, we\u2019re changing it.\",\"potentialAction\":[{\"@type\":\"SearchAction\",\"target\":{\"@type\":\"EntryPoint\",\"urlTemplate\":\"https:\\\/\\\/www.stingray.com\\\/fr\\\/?s={search_term_string}\"},\"query-input\":{\"@type\":\"PropertyValueSpecification\",\"valueRequired\":true,\"valueName\":\"search_term_string\"}}],\"inLanguage\":\"fr-CA\"}]}<\/script>\n<!-- \/ Yoast SEO Premium plugin. -->","yoast_head_json":{"title":"Processus de r\u00e9troaction sur l\u2019accessibilit\u00e9 - Stingray","description":"Stingray Group inc. s\u2019engage \u00e0 fournir des installations et des services de qualit\u00e9 \u00e0 ses employ\u00e9s et \u00e0 ses clients d\u2019une mani\u00e8re accessible aux personnes en situation de handicap et dans le respect de la dignit\u00e9 et de l\u2019ind\u00e9pendance de ces personnes.","robots":{"index":"index","follow":"follow","max-snippet":"max-snippet:-1","max-image-preview":"max-image-preview:large","max-video-preview":"max-video-preview:-1"},"canonical":"https:\/\/www.stingray.com\/fr\/processus-retroaction-accessibilite\/","og_locale":"fr_CA","og_type":"article","og_title":"Processus de r\u00e9troaction sur l\u2019accessibilit\u00e9","og_description":"Stingray Group inc. s\u2019engage \u00e0 fournir des installations et des services de qualit\u00e9 \u00e0 ses employ\u00e9s et \u00e0 ses clients d\u2019une mani\u00e8re accessible aux personnes en situation de handicap et dans le respect de la dignit\u00e9 et de l\u2019ind\u00e9pendance de ces personnes.","og_url":"https:\/\/www.stingray.com\/fr\/processus-retroaction-accessibilite\/","og_site_name":"Stingray","article_modified_time":"2025-05-29T17:23:26+00:00","og_image":[{"width":1200,"height":628,"url":"https:\/\/www.stingray.com\/wp-content\/uploads\/2024\/08\/general-meta.jpg","type":"image\/jpeg"}],"twitter_card":"summary_large_image","schema":{"@context":"https:\/\/schema.org","@graph":[{"@type":"WebPage","@id":"https:\/\/www.stingray.com\/fr\/processus-retroaction-accessibilite\/","url":"https:\/\/www.stingray.com\/fr\/processus-retroaction-accessibilite\/","name":"Processus de r\u00e9troaction sur l\u2019accessibilit\u00e9 - Stingray","isPartOf":{"@id":"https:\/\/www.stingray.com\/fr\/#website"},"datePublished":"2024-04-30T13:51:31+00:00","dateModified":"2025-05-29T17:23:26+00:00","description":"Stingray Group inc. s\u2019engage \u00e0 fournir des installations et des services de qualit\u00e9 \u00e0 ses employ\u00e9s et \u00e0 ses clients d\u2019une mani\u00e8re accessible aux personnes en situation de handicap et dans le respect de la dignit\u00e9 et de l\u2019ind\u00e9pendance de ces personnes.","breadcrumb":{"@id":"https:\/\/www.stingray.com\/fr\/processus-retroaction-accessibilite\/#breadcrumb"},"inLanguage":"fr-CA","potentialAction":[{"@type":"ReadAction","target":["https:\/\/www.stingray.com\/fr\/processus-retroaction-accessibilite\/"]}]},{"@type":"BreadcrumbList","@id":"https:\/\/www.stingray.com\/fr\/processus-retroaction-accessibilite\/#breadcrumb","itemListElement":[{"@type":"ListItem","position":1,"name":"Home","item":"https:\/\/www.stingray.com\/fr\/"},{"@type":"ListItem","position":2,"name":"Processus de r\u00e9troaction sur l\u2019accessibilit\u00e9"}]},{"@type":"WebSite","@id":"https:\/\/www.stingray.com\/fr\/#website","url":"https:\/\/www.stingray.com\/fr\/","name":"Stingray","description":"We\u2019re not just in the game, we\u2019re changing it.","potentialAction":[{"@type":"SearchAction","target":{"@type":"EntryPoint","urlTemplate":"https:\/\/www.stingray.com\/fr\/?s={search_term_string}"},"query-input":{"@type":"PropertyValueSpecification","valueRequired":true,"valueName":"search_term_string"}}],"inLanguage":"fr-CA"}]}},"_links":{"self":[{"href":"https:\/\/www.stingray.com\/fr\/wp-json\/wp\/v2\/pages\/3835","targetHints":{"allow":["GET"]}}],"collection":[{"href":"https:\/\/www.stingray.com\/fr\/wp-json\/wp\/v2\/pages"}],"about":[{"href":"https:\/\/www.stingray.com\/fr\/wp-json\/wp\/v2\/types\/page"}],"author":[{"embeddable":true,"href":"https:\/\/www.stingray.com\/fr\/wp-json\/wp\/v2\/users\/3"}],"replies":[{"embeddable":true,"href":"https:\/\/www.stingray.com\/fr\/wp-json\/wp\/v2\/comments?post=3835"}],"version-history":[{"count":6,"href":"https:\/\/www.stingray.com\/fr\/wp-json\/wp\/v2\/pages\/3835\/revisions"}],"predecessor-version":[{"id":12256,"href":"https:\/\/www.stingray.com\/fr\/wp-json\/wp\/v2\/pages\/3835\/revisions\/12256"}],"wp:attachment":[{"href":"https:\/\/www.stingray.com\/fr\/wp-json\/wp\/v2\/media?parent=3835"}],"curies":[{"name":"wp","href":"https:\/\/api.w.org\/{rel}","templated":true}]}}