{"id":3710,"date":"2024-04-19T13:05:05","date_gmt":"2024-04-19T17:05:05","guid":{"rendered":"https:\/\/stingray.com\/radio\/"},"modified":"2026-02-04T11:38:46","modified_gmt":"2026-02-04T16:38:46","slug":"radio","status":"publish","type":"page","link":"https:\/\/www.stingray.com\/fr\/radio\/","title":{"rendered":"Radio"},"content":{"rendered":"","protected":false},"excerpt":{"rendered":"","protected":false},"author":3,"featured_media":0,"parent":0,"menu_order":0,"comment_status":"closed","ping_status":"closed","template":"page-templates\/page-blocks-radio.php","meta":{"_acf_changed":false,"footnotes":""},"class_list":["post-3710","page","type-page","status-publish","hentry"],"acf":[],"yoast_head":"<!-- This site is optimized with the Yoast SEO Premium plugin v25.0 (Yoast SEO v27.1.1) - https:\/\/yoast.com\/product\/yoast-seo-premium-wordpress\/ -->\n<title>Les stations de radio Stingray - Trouvez votre site de radio pr\u00e9f\u00e9r\u00e9<\/title>\n<meta name=\"description\" content=\"Les stations de radio Stingray sont le c\u0153ur battant des communaut\u00e9s, grandes et petites, profond\u00e9ment enracin\u00e9es dans la vie quotidienne \u00e0 travers le pays.\" \/>\n<meta name=\"robots\" content=\"index, follow, max-snippet:-1, max-image-preview:large, max-video-preview:-1\" \/>\n<link rel=\"canonical\" href=\"https:\/\/www.stingray.com\/fr\/radio\/\" \/>\n<meta property=\"og:locale\" content=\"fr_CA\" \/>\n<meta property=\"og:type\" content=\"article\" \/>\n<meta property=\"og:title\" content=\"Radio\" \/>\n<meta property=\"og:description\" content=\"Spanning seven provinces and connecting with over 7 million listeners weekly, Stingray Radio stations serve as the pulse of communities big and small, intimately woven into the fabric of daily life across the nation. Our 100+ radio stations provide more than just information and entertainment: they are a constant companion for our audience whether they&#039;re at home, in the office, or on the move.\" \/>\n<meta property=\"og:url\" content=\"https:\/\/www.stingray.com\/fr\/radio\/\" \/>\n<meta property=\"og:site_name\" content=\"Stingray\" \/>\n<meta property=\"article:modified_time\" content=\"2026-02-04T16:38:46+00:00\" \/>\n<meta property=\"og:image\" content=\"https:\/\/www.stingray.com\/wp-content\/uploads\/2024\/08\/radio-meta.jpg\" \/>\n\t<meta property=\"og:image:width\" content=\"1200\" \/>\n\t<meta property=\"og:image:height\" content=\"628\" \/>\n\t<meta property=\"og:image:type\" content=\"image\/jpeg\" \/>\n<meta name=\"twitter:card\" content=\"summary_large_image\" \/>\n<meta name=\"twitter:description\" content=\"Spanning seven provinces and connecting with over 7 million listeners weekly, Stingray Radio stations serve as the pulse of communities big and small, intimately woven into the fabric of daily life across the nation. Our 100+ radio stations provide more than just information and entertainment: they are a constant companion for our audience whether they&#039;re at home, in the office, or on the move.\" \/>\n<script type=\"application\/ld+json\" class=\"yoast-schema-graph\">{\"@context\":\"https:\/\/schema.org\",\"@graph\":[{\"@type\":\"WebPage\",\"@id\":\"https:\/\/www.stingray.com\/fr\/radio\/\",\"url\":\"https:\/\/www.stingray.com\/fr\/radio\/\",\"name\":\"Les stations de radio Stingray - Trouvez votre site de radio pr\u00e9f\u00e9r\u00e9\",\"isPartOf\":{\"@id\":\"https:\/\/www.stingray.com\/fr\/#website\"},\"datePublished\":\"2024-04-19T17:05:05+00:00\",\"dateModified\":\"2026-02-04T16:38:46+00:00\",\"description\":\"Les stations de radio Stingray sont le c\u0153ur battant des communaut\u00e9s, grandes et petites, profond\u00e9ment enracin\u00e9es dans la vie quotidienne \u00e0 travers le pays.\",\"breadcrumb\":{\"@id\":\"https:\/\/www.stingray.com\/fr\/radio\/#breadcrumb\"},\"inLanguage\":\"fr-CA\",\"potentialAction\":[{\"@type\":\"ReadAction\",\"target\":[\"https:\/\/www.stingray.com\/fr\/radio\/\"]}]},{\"@type\":\"BreadcrumbList\",\"@id\":\"https:\/\/www.stingray.com\/fr\/radio\/#breadcrumb\",\"itemListElement\":[{\"@type\":\"ListItem\",\"position\":1,\"name\":\"Home\",\"item\":\"https:\/\/www.stingray.com\/fr\/\"},{\"@type\":\"ListItem\",\"position\":2,\"name\":\"Radio\"}]},{\"@type\":\"WebSite\",\"@id\":\"https:\/\/www.stingray.com\/fr\/#website\",\"url\":\"https:\/\/www.stingray.com\/fr\/\",\"name\":\"Stingray\",\"description\":\"We\u2019re not just in the game, we\u2019re changing it.\",\"potentialAction\":[{\"@type\":\"SearchAction\",\"target\":{\"@type\":\"EntryPoint\",\"urlTemplate\":\"https:\/\/www.stingray.com\/fr\/?s={search_term_string}\"},\"query-input\":{\"@type\":\"PropertyValueSpecification\",\"valueRequired\":true,\"valueName\":\"search_term_string\"}}],\"inLanguage\":\"fr-CA\"}]}<\/script>\n<!-- \/ Yoast SEO Premium plugin. -->","yoast_head_json":{"title":"Les stations de radio Stingray - Trouvez votre site de radio pr\u00e9f\u00e9r\u00e9","description":"Les stations de radio Stingray sont le c\u0153ur battant des communaut\u00e9s, grandes et petites, profond\u00e9ment enracin\u00e9es dans la vie quotidienne \u00e0 travers le pays.","robots":{"index":"index","follow":"follow","max-snippet":"max-snippet:-1","max-image-preview":"max-image-preview:large","max-video-preview":"max-video-preview:-1"},"canonical":"https:\/\/www.stingray.com\/fr\/radio\/","og_locale":"fr_CA","og_type":"article","og_title":"Radio","og_description":"Spanning seven provinces and connecting with over 7 million listeners weekly, Stingray Radio stations serve as the pulse of communities big and small, intimately woven into the fabric of daily life across the nation. Our 100+ radio stations provide more than just information and entertainment: they are a constant companion for our audience whether they're at home, in the office, or on the move.","og_url":"https:\/\/www.stingray.com\/fr\/radio\/","og_site_name":"Stingray","article_modified_time":"2026-02-04T16:38:46+00:00","og_image":[{"width":1200,"height":628,"url":"https:\/\/www.stingray.com\/wp-content\/uploads\/2024\/08\/radio-meta.jpg","type":"image\/jpeg"}],"twitter_card":"summary_large_image","twitter_description":"Spanning seven provinces and connecting with over 7 million listeners weekly, Stingray Radio stations serve as the pulse of communities big and small, intimately woven into the fabric of daily life across the nation. Our 100+ radio stations provide more than just information and entertainment: they are a constant companion for our audience whether they're at home, in the office, or on the move.","schema":{"@context":"https:\/\/schema.org","@graph":[{"@type":"WebPage","@id":"https:\/\/www.stingray.com\/fr\/radio\/","url":"https:\/\/www.stingray.com\/fr\/radio\/","name":"Les stations de radio Stingray - Trouvez votre site de radio pr\u00e9f\u00e9r\u00e9","isPartOf":{"@id":"https:\/\/www.stingray.com\/fr\/#website"},"datePublished":"2024-04-19T17:05:05+00:00","dateModified":"2026-02-04T16:38:46+00:00","description":"Les stations de radio Stingray sont le c\u0153ur battant des communaut\u00e9s, grandes et petites, profond\u00e9ment enracin\u00e9es dans la vie quotidienne \u00e0 travers le pays.","breadcrumb":{"@id":"https:\/\/www.stingray.com\/fr\/radio\/#breadcrumb"},"inLanguage":"fr-CA","potentialAction":[{"@type":"ReadAction","target":["https:\/\/www.stingray.com\/fr\/radio\/"]}]},{"@type":"BreadcrumbList","@id":"https:\/\/www.stingray.com\/fr\/radio\/#breadcrumb","itemListElement":[{"@type":"ListItem","position":1,"name":"Home","item":"https:\/\/www.stingray.com\/fr\/"},{"@type":"ListItem","position":2,"name":"Radio"}]},{"@type":"WebSite","@id":"https:\/\/www.stingray.com\/fr\/#website","url":"https:\/\/www.stingray.com\/fr\/","name":"Stingray","description":"We\u2019re not just in the game, we\u2019re changing it.","potentialAction":[{"@type":"SearchAction","target":{"@type":"EntryPoint","urlTemplate":"https:\/\/www.stingray.com\/fr\/?s={search_term_string}"},"query-input":{"@type":"PropertyValueSpecification","valueRequired":true,"valueName":"search_term_string"}}],"inLanguage":"fr-CA"}]}},"_links":{"self":[{"href":"https:\/\/www.stingray.com\/fr\/wp-json\/wp\/v2\/pages\/3710","targetHints":{"allow":["GET"]}}],"collection":[{"href":"https:\/\/www.stingray.com\/fr\/wp-json\/wp\/v2\/pages"}],"about":[{"href":"https:\/\/www.stingray.com\/fr\/wp-json\/wp\/v2\/types\/page"}],"author":[{"embeddable":true,"href":"https:\/\/www.stingray.com\/fr\/wp-json\/wp\/v2\/users\/3"}],"replies":[{"embeddable":true,"href":"https:\/\/www.stingray.com\/fr\/wp-json\/wp\/v2\/comments?post=3710"}],"version-history":[{"count":4,"href":"https:\/\/www.stingray.com\/fr\/wp-json\/wp\/v2\/pages\/3710\/revisions"}],"predecessor-version":[{"id":15784,"href":"https:\/\/www.stingray.com\/fr\/wp-json\/wp\/v2\/pages\/3710\/revisions\/15784"}],"wp:attachment":[{"href":"https:\/\/www.stingray.com\/fr\/wp-json\/wp\/v2\/media?parent=3710"}],"curies":[{"name":"wp","href":"https:\/\/api.w.org\/{rel}","templated":true}]}}