{"id":3706,"date":"2023-09-11T20:00:50","date_gmt":"2023-09-12T00:00:50","guid":{"rendered":"https:\/\/stingray.com\/advertising-sales\/"},"modified":"2025-09-02T09:55:36","modified_gmt":"2025-09-02T13:55:36","slug":"ventes-publicitaires","status":"publish","type":"page","link":"https:\/\/www.stingray.com\/fr\/ventes-publicitaires\/","title":{"rendered":"Ventes publicitaires"},"content":{"rendered":"<p>test<\/p>\n","protected":false},"excerpt":{"rendered":"<p>test<\/p>\n","protected":false},"author":2,"featured_media":0,"parent":0,"menu_order":0,"comment_status":"closed","ping_status":"closed","template":"page-templates\/page-blocks.php","meta":{"_acf_changed":false,"footnotes":""},"class_list":["post-3706","page","type-page","status-publish","hentry"],"acf":[],"yoast_head":"<!-- This site is optimized with the Yoast SEO Premium plugin v25.0 (Yoast SEO v27.3) - https:\/\/yoast.com\/product\/yoast-seo-premium-wordpress\/ -->\n<title>Ventes publicitaires - Retail media et publicit\u00e9 locale - Stingray<\/title>\n<meta name=\"description\" content=\"Le vaste r\u00e9seau de Stingray pour la publicit\u00e9 audio en magasin et plus de 100 stations de radio locales permettent aux marques d&#039;int\u00e9grer leur message dans la vie quotidienne de millions de consommateurs et d&#039;auditeurs \u00e0 travers l&#039;Am\u00e9rique du Nord.\" \/>\n<meta name=\"robots\" content=\"index, follow, max-snippet:-1, max-image-preview:large, max-video-preview:-1\" \/>\n<link rel=\"canonical\" href=\"https:\/\/www.stingray.com\/fr\/ventes-publicitaires\/\" \/>\n<meta property=\"og:locale\" content=\"fr_CA\" \/>\n<meta property=\"og:type\" content=\"article\" \/>\n<meta property=\"og:title\" content=\"Ventes publicitaires\" \/>\n<meta property=\"og:description\" content=\"Connect with millions of consumers anytime, anywhere with our advertising solutions\" \/>\n<meta property=\"og:url\" content=\"https:\/\/www.stingray.com\/fr\/ventes-publicitaires\/\" \/>\n<meta property=\"og:site_name\" content=\"Stingray\" \/>\n<meta property=\"article:modified_time\" content=\"2025-09-02T13:55:36+00:00\" \/>\n<meta property=\"og:image\" content=\"https:\/\/www.stingray.com\/wp-content\/uploads\/2024\/08\/advertising-meta.jpg\" \/>\n\t<meta property=\"og:image:width\" content=\"1200\" \/>\n\t<meta property=\"og:image:height\" content=\"628\" \/>\n\t<meta property=\"og:image:type\" content=\"image\/jpeg\" \/>\n<meta name=\"twitter:card\" content=\"summary_large_image\" \/>\n<meta name=\"twitter:description\" content=\"Connect with millions of consumers anytime, anywhere with our advertising solutions\" \/>\n<meta name=\"twitter:image\" content=\"https:\/\/www.stingray.com\/wp-content\/uploads\/2024\/03\/social-sharing-stingray.jpg\" \/>\n<meta name=\"twitter:label1\" content=\"Est. reading time\" \/>\n\t<meta name=\"twitter:data1\" content=\"1 minute\" \/>\n<script type=\"application\/ld+json\" class=\"yoast-schema-graph\">{\"@context\":\"https:\\\/\\\/schema.org\",\"@graph\":[{\"@type\":\"WebPage\",\"@id\":\"https:\\\/\\\/www.stingray.com\\\/fr\\\/ventes-publicitaires\\\/\",\"url\":\"https:\\\/\\\/www.stingray.com\\\/fr\\\/ventes-publicitaires\\\/\",\"name\":\"Ventes publicitaires - Retail media et publicit\u00e9 locale - Stingray\",\"isPartOf\":{\"@id\":\"https:\\\/\\\/www.stingray.com\\\/fr\\\/#website\"},\"datePublished\":\"2023-09-12T00:00:50+00:00\",\"dateModified\":\"2025-09-02T13:55:36+00:00\",\"description\":\"Le vaste r\u00e9seau de Stingray pour la publicit\u00e9 audio en magasin et plus de 100 stations de radio locales permettent aux marques d'int\u00e9grer leur message dans la vie quotidienne de millions de consommateurs et d'auditeurs \u00e0 travers l'Am\u00e9rique du Nord.\",\"breadcrumb\":{\"@id\":\"https:\\\/\\\/www.stingray.com\\\/fr\\\/ventes-publicitaires\\\/#breadcrumb\"},\"inLanguage\":\"fr-CA\",\"potentialAction\":[{\"@type\":\"ReadAction\",\"target\":[\"https:\\\/\\\/www.stingray.com\\\/fr\\\/ventes-publicitaires\\\/\"]}]},{\"@type\":\"BreadcrumbList\",\"@id\":\"https:\\\/\\\/www.stingray.com\\\/fr\\\/ventes-publicitaires\\\/#breadcrumb\",\"itemListElement\":[{\"@type\":\"ListItem\",\"position\":1,\"name\":\"Home\",\"item\":\"https:\\\/\\\/www.stingray.com\\\/fr\\\/\"},{\"@type\":\"ListItem\",\"position\":2,\"name\":\"Ventes publicitaires\"}]},{\"@type\":\"WebSite\",\"@id\":\"https:\\\/\\\/www.stingray.com\\\/fr\\\/#website\",\"url\":\"https:\\\/\\\/www.stingray.com\\\/fr\\\/\",\"name\":\"Stingray\",\"description\":\"We\u2019re not just in the game, we\u2019re changing it.\",\"potentialAction\":[{\"@type\":\"SearchAction\",\"target\":{\"@type\":\"EntryPoint\",\"urlTemplate\":\"https:\\\/\\\/www.stingray.com\\\/fr\\\/?s={search_term_string}\"},\"query-input\":{\"@type\":\"PropertyValueSpecification\",\"valueRequired\":true,\"valueName\":\"search_term_string\"}}],\"inLanguage\":\"fr-CA\"}]}<\/script>\n<!-- \/ Yoast SEO Premium plugin. -->","yoast_head_json":{"title":"Ventes publicitaires - Retail media et publicit\u00e9 locale - Stingray","description":"Le vaste r\u00e9seau de Stingray pour la publicit\u00e9 audio en magasin et plus de 100 stations de radio locales permettent aux marques d'int\u00e9grer leur message dans la vie quotidienne de millions de consommateurs et d'auditeurs \u00e0 travers l'Am\u00e9rique du Nord.","robots":{"index":"index","follow":"follow","max-snippet":"max-snippet:-1","max-image-preview":"max-image-preview:large","max-video-preview":"max-video-preview:-1"},"canonical":"https:\/\/www.stingray.com\/fr\/ventes-publicitaires\/","og_locale":"fr_CA","og_type":"article","og_title":"Ventes publicitaires","og_description":"Connect with millions of consumers anytime, anywhere with our advertising solutions","og_url":"https:\/\/www.stingray.com\/fr\/ventes-publicitaires\/","og_site_name":"Stingray","article_modified_time":"2025-09-02T13:55:36+00:00","og_image":[{"width":1200,"height":628,"url":"https:\/\/www.stingray.com\/wp-content\/uploads\/2024\/08\/advertising-meta.jpg","type":"image\/jpeg"}],"twitter_card":"summary_large_image","twitter_description":"Connect with millions of consumers anytime, anywhere with our advertising solutions","twitter_image":"https:\/\/www.stingray.com\/wp-content\/uploads\/2024\/03\/social-sharing-stingray.jpg","twitter_misc":{"Est. reading time":"1 minute"},"schema":{"@context":"https:\/\/schema.org","@graph":[{"@type":"WebPage","@id":"https:\/\/www.stingray.com\/fr\/ventes-publicitaires\/","url":"https:\/\/www.stingray.com\/fr\/ventes-publicitaires\/","name":"Ventes publicitaires - Retail media et publicit\u00e9 locale - Stingray","isPartOf":{"@id":"https:\/\/www.stingray.com\/fr\/#website"},"datePublished":"2023-09-12T00:00:50+00:00","dateModified":"2025-09-02T13:55:36+00:00","description":"Le vaste r\u00e9seau de Stingray pour la publicit\u00e9 audio en magasin et plus de 100 stations de radio locales permettent aux marques d'int\u00e9grer leur message dans la vie quotidienne de millions de consommateurs et d'auditeurs \u00e0 travers l'Am\u00e9rique du Nord.","breadcrumb":{"@id":"https:\/\/www.stingray.com\/fr\/ventes-publicitaires\/#breadcrumb"},"inLanguage":"fr-CA","potentialAction":[{"@type":"ReadAction","target":["https:\/\/www.stingray.com\/fr\/ventes-publicitaires\/"]}]},{"@type":"BreadcrumbList","@id":"https:\/\/www.stingray.com\/fr\/ventes-publicitaires\/#breadcrumb","itemListElement":[{"@type":"ListItem","position":1,"name":"Home","item":"https:\/\/www.stingray.com\/fr\/"},{"@type":"ListItem","position":2,"name":"Ventes publicitaires"}]},{"@type":"WebSite","@id":"https:\/\/www.stingray.com\/fr\/#website","url":"https:\/\/www.stingray.com\/fr\/","name":"Stingray","description":"We\u2019re not just in the game, we\u2019re changing it.","potentialAction":[{"@type":"SearchAction","target":{"@type":"EntryPoint","urlTemplate":"https:\/\/www.stingray.com\/fr\/?s={search_term_string}"},"query-input":{"@type":"PropertyValueSpecification","valueRequired":true,"valueName":"search_term_string"}}],"inLanguage":"fr-CA"}]}},"_links":{"self":[{"href":"https:\/\/www.stingray.com\/fr\/wp-json\/wp\/v2\/pages\/3706","targetHints":{"allow":["GET"]}}],"collection":[{"href":"https:\/\/www.stingray.com\/fr\/wp-json\/wp\/v2\/pages"}],"about":[{"href":"https:\/\/www.stingray.com\/fr\/wp-json\/wp\/v2\/types\/page"}],"author":[{"embeddable":true,"href":"https:\/\/www.stingray.com\/fr\/wp-json\/wp\/v2\/users\/2"}],"replies":[{"embeddable":true,"href":"https:\/\/www.stingray.com\/fr\/wp-json\/wp\/v2\/comments?post=3706"}],"version-history":[{"count":7,"href":"https:\/\/www.stingray.com\/fr\/wp-json\/wp\/v2\/pages\/3706\/revisions"}],"predecessor-version":[{"id":13331,"href":"https:\/\/www.stingray.com\/fr\/wp-json\/wp\/v2\/pages\/3706\/revisions\/13331"}],"wp:attachment":[{"href":"https:\/\/www.stingray.com\/fr\/wp-json\/wp\/v2\/media?parent=3706"}],"curies":[{"name":"wp","href":"https:\/\/api.w.org\/{rel}","templated":true}]}}